{"id":301,"date":"2025-04-09T18:26:26","date_gmt":"2025-04-09T16:26:26","guid":{"rendered":"https:\/\/portfolio.chloe.sagnole.mmi-velizy.fr\/wordpress\/?page_id=301"},"modified":"2025-04-09T22:20:19","modified_gmt":"2025-04-09T20:20:19","slug":"mon-parcourt","status":"publish","type":"page","link":"https:\/\/portfolio.chloe.sagnole.mmi-velizy.fr\/wordpress\/mon-parcourt\/","title":{"rendered":"Mon parcours"},"content":{"rendered":"<style>.kb-row-layout-id301_4a420c-7a > .kt-row-column-wrap{align-content:start;}:where(.kb-row-layout-id301_4a420c-7a > .kt-row-column-wrap) > .wp-block-kadence-column{justify-content:start;}.kb-row-layout-id301_4a420c-7a > .kt-row-column-wrap{column-gap:var(--global-kb-gap-md, 2rem);row-gap:var(--global-kb-gap-md, 2rem);max-width:var( --global-content-width, 1290px );padding-left:var(--global-content-edge-padding);padding-right:var(--global-content-edge-padding);padding-top:var(--global-kb-spacing-xl, 4rem);padding-bottom:var(--global-kb-spacing-md, 2rem);grid-template-columns:minmax(0, 1fr);}.kb-row-layout-id301_4a420c-7a{background-image:linear-gradient(90deg,var(--global-palette9) 47%,var(--global-palette4) 48%,var(--global-palette4) NaN%);}.kb-row-layout-id301_4a420c-7a > .kt-row-layout-overlay{opacity:0.30;}@media all and (max-width: 1024px){.kb-row-layout-id301_4a420c-7a > .kt-row-column-wrap{grid-template-columns:minmax(0, 1fr);}}@media all and (max-width: 767px){.kb-row-layout-id301_4a420c-7a > .kt-row-column-wrap{grid-template-columns:minmax(0, 1fr);}}.kb-row-layout-id301_4a420c-7a .vertical-line {  background-image: linear-gradient(#000, #000);  background-size: 2px 100%;  background-repeat: no-repeat;  background-position: center center;}<\/style><div class=\"kb-row-layout-wrap kb-row-layout-id301_4a420c-7a alignfull has-theme-palette9-background-color kt-row-has-bg wp-block-kadence-rowlayout\"><div class=\"kt-row-column-wrap kt-has-1-columns kt-row-layout-equal kt-tab-layout-inherit kt-mobile-layout-row kt-row-valign-top kb-theme-content-width\">\n<style>.kadence-column301_fd0711-95 > .kt-inside-inner-col,.kadence-column301_fd0711-95 > .kt-inside-inner-col:before{border-top-left-radius:0px;border-top-right-radius:0px;border-bottom-right-radius:0px;border-bottom-left-radius:0px;}.kadence-column301_fd0711-95 > .kt-inside-inner-col{column-gap:var(--global-kb-gap-sm, 1rem);}.kadence-column301_fd0711-95 > .kt-inside-inner-col{flex-direction:column;}.kadence-column301_fd0711-95 > .kt-inside-inner-col > .aligncenter{width:100%;}.kadence-column301_fd0711-95 > .kt-inside-inner-col:before{opacity:0.3;}.kadence-column301_fd0711-95{position:relative;}@media all and (max-width: 1024px){.kadence-column301_fd0711-95 > .kt-inside-inner-col{flex-direction:column;}}@media all and (max-width: 767px){.kadence-column301_fd0711-95 > .kt-inside-inner-col{flex-direction:column;}}<\/style>\n<div class=\"wp-block-kadence-column kadence-column301_fd0711-95\"><div class=\"kt-inside-inner-col\"><style>.wp-block-kadence-advancedheading.kt-adv-heading301_29ed30-18, .wp-block-kadence-advancedheading.kt-adv-heading301_29ed30-18[data-kb-block=\"kb-adv-heading301_29ed30-18\"]{max-width:399px;margin-right:auto;margin-left:auto;text-align:center;font-size:var(--global-kb-font-size-md, 1.25rem);font-weight:400;font-style:normal;font-family:'Days One';text-transform:uppercase;border-top-left-radius:500px;border-top-right-radius:500px;border-bottom-right-radius:500px;border-bottom-left-radius:500px;}.wp-block-kadence-advancedheading.kt-adv-heading301_29ed30-18 mark.kt-highlight, .wp-block-kadence-advancedheading.kt-adv-heading301_29ed30-18[data-kb-block=\"kb-adv-heading301_29ed30-18\"] mark.kt-highlight{font-style:normal;color:#f76a0c;-webkit-box-decoration-break:clone;box-decoration-break:clone;padding-top:0px;padding-right:0px;padding-bottom:0px;padding-left:0px;}<\/style>\n<h2 class=\"kt-adv-heading301_29ed30-18 wp-block-kadence-advancedheading has-theme-palette-9-color has-text-color has-theme-palette-4-background-color has-background\" data-kb-block=\"kb-adv-heading301_29ed30-18\">Mon parcours<\/h2>\n\n\n<style>.kb-row-layout-id301_e55b19-2d > .kt-row-column-wrap{align-content:center;}:where(.kb-row-layout-id301_e55b19-2d > .kt-row-column-wrap) > .wp-block-kadence-column{justify-content:center;}.kb-row-layout-id301_e55b19-2d > .kt-row-column-wrap{column-gap:var(--global-kb-gap-sm, 1rem);row-gap:var(--global-kb-gap-md, 2rem);padding-top:var(--global-kb-spacing-4xl, 8rem);padding-bottom:var(--global-kb-spacing-xl, 4rem);grid-template-columns:minmax(0, calc(45% - ((var(--global-kb-gap-sm, 1rem) * 2 )\/3)))minmax(0, calc(10% - ((var(--global-kb-gap-sm, 1rem) * 2 )\/3)))minmax(0, calc(45% - ((var(--global-kb-gap-sm, 1rem) * 2 )\/3)));}.kb-row-layout-id301_e55b19-2d > .kt-row-layout-overlay{opacity:0.30;}@media all and (max-width: 1024px){.kb-row-layout-id301_e55b19-2d > .kt-row-column-wrap > div:not(.added-for-specificity){grid-column:initial;}}@media all and (max-width: 1024px){.kb-row-layout-id301_e55b19-2d > .kt-row-column-wrap{grid-template-columns:repeat(3, minmax(0, 1fr));}}@media all and (max-width: 767px){.kb-row-layout-id301_e55b19-2d > .kt-row-column-wrap > div:not(.added-for-specificity){grid-column:initial;}.kb-row-layout-id301_e55b19-2d > .kt-row-column-wrap{grid-template-columns:minmax(0, 1fr);}}<\/style><div class=\"kb-row-layout-wrap kb-row-layout-id301_e55b19-2d alignnone vertical-line wp-block-kadence-rowlayout\"><div class=\"kt-row-column-wrap kt-has-3-columns kt-row-layout-equal kt-tab-layout-inherit kt-mobile-layout-row kt-row-valign-middle\">\n<style>.kadence-column301_beaaa4-80 > .kt-inside-inner-col,.kadence-column301_beaaa4-80 > .kt-inside-inner-col:before{border-top-left-radius:0px;border-top-right-radius:0px;border-bottom-right-radius:0px;border-bottom-left-radius:0px;}.kadence-column301_beaaa4-80 > .kt-inside-inner-col{column-gap:var(--global-kb-gap-sm, 1rem);}.kadence-column301_beaaa4-80 > .kt-inside-inner-col{flex-direction:column;}.kadence-column301_beaaa4-80 > .kt-inside-inner-col > .aligncenter{width:100%;}.kadence-column301_beaaa4-80 > .kt-inside-inner-col:before{opacity:0.3;}.kadence-column301_beaaa4-80{position:relative;}@media all and (max-width: 1024px){.kadence-column301_beaaa4-80 > .kt-inside-inner-col{flex-direction:column;}}@media all and (max-width: 767px){.kadence-column301_beaaa4-80 > .kt-inside-inner-col{flex-direction:column;}}<\/style>\n<div class=\"wp-block-kadence-column kadence-column301_beaaa4-80\"><div class=\"kt-inside-inner-col\"><style>.wp-block-kadence-advancedheading.kt-adv-heading301_c8e9a3-05, .wp-block-kadence-advancedheading.kt-adv-heading301_c8e9a3-05[data-kb-block=\"kb-adv-heading301_c8e9a3-05\"]{text-align:right;font-weight:400;font-style:normal;font-family:'Days One';text-transform:uppercase;}.wp-block-kadence-advancedheading.kt-adv-heading301_c8e9a3-05 mark.kt-highlight, .wp-block-kadence-advancedheading.kt-adv-heading301_c8e9a3-05[data-kb-block=\"kb-adv-heading301_c8e9a3-05\"] mark.kt-highlight{font-style:normal;color:var(--global-palette9, #ffffff);background-image:linear-gradient(135deg,rgb(153,71,221) 0%,rgb(204,29,167) 100%);border-top-left-radius:30px;border-top-right-radius:30px;border-bottom-right-radius:30px;border-bottom-left-radius:30px;-webkit-box-decoration-break:clone;box-decoration-break:clone;padding-top:var(--global-kb-spacing-sm, 1.5rem);padding-right:var(--global-kb-spacing-sm, 1.5rem);padding-bottom:var(--global-kb-spacing-sm, 1.5rem);padding-left:var(--global-kb-spacing-sm, 1.5rem);}<\/style>\n<div class=\"kt-adv-heading301_c8e9a3-05 wp-block-kadence-advancedheading\" data-kb-block=\"kb-adv-heading301_c8e9a3-05\"><mark class=\"kt-highlight\">BAC STI2D 2024<\/mark><\/div>\n<\/div><\/div>\n\n\n<style>.kadence-column301_4bb4f5-b9 > .kt-inside-inner-col,.kadence-column301_4bb4f5-b9 > .kt-inside-inner-col:before{border-top-left-radius:0px;border-top-right-radius:0px;border-bottom-right-radius:0px;border-bottom-left-radius:0px;}.kadence-column301_4bb4f5-b9 > .kt-inside-inner-col{column-gap:var(--global-kb-gap-sm, 1rem);}.kadence-column301_4bb4f5-b9 > .kt-inside-inner-col{flex-direction:column;}.kadence-column301_4bb4f5-b9 > .kt-inside-inner-col > .aligncenter{width:100%;}.kadence-column301_4bb4f5-b9 > .kt-inside-inner-col:before{opacity:0.3;}.kadence-column301_4bb4f5-b9{position:relative;}@media all and (max-width: 1024px){.kadence-column301_4bb4f5-b9 > .kt-inside-inner-col{flex-direction:column;}}@media all and (max-width: 767px){.kadence-column301_4bb4f5-b9 > .kt-inside-inner-col{flex-direction:column;}}<\/style>\n<div class=\"wp-block-kadence-column kadence-column301_4bb4f5-b9 kvs-sm-false\"><div class=\"kt-inside-inner-col\">\n<figure class=\"wp-block-gallery has-nested-images columns-3 is-cropped wp-block-gallery-1 is-layout-flex wp-block-gallery-is-layout-flex\">\n<figure class=\"wp-block-image size-full\"><img loading=\"lazy\" decoding=\"async\" width=\"850\" height=\"480\" data-id=\"312\" src=\"https:\/\/portfolio.chloe.sagnole.mmi-velizy.fr\/wordpress\/wp-content\/uploads\/2025\/04\/997842a7-9845-485f-96f5-6da34f14e41f.jpg\" alt=\"\" class=\"wp-image-312\" srcset=\"https:\/\/portfolio.chloe.sagnole.mmi-velizy.fr\/wordpress\/wp-content\/uploads\/2025\/04\/997842a7-9845-485f-96f5-6da34f14e41f.jpg 850w, https:\/\/portfolio.chloe.sagnole.mmi-velizy.fr\/wordpress\/wp-content\/uploads\/2025\/04\/997842a7-9845-485f-96f5-6da34f14e41f-300x169.jpg 300w, https:\/\/portfolio.chloe.sagnole.mmi-velizy.fr\/wordpress\/wp-content\/uploads\/2025\/04\/997842a7-9845-485f-96f5-6da34f14e41f-768x434.jpg 768w, https:\/\/portfolio.chloe.sagnole.mmi-velizy.fr\/wordpress\/wp-content\/uploads\/2025\/04\/997842a7-9845-485f-96f5-6da34f14e41f-500x282.jpg 500w, https:\/\/portfolio.chloe.sagnole.mmi-velizy.fr\/wordpress\/wp-content\/uploads\/2025\/04\/997842a7-9845-485f-96f5-6da34f14e41f-800x452.jpg 800w\" sizes=\"auto, (max-width: 850px) 100vw, 850px\" \/><\/figure>\n<\/figure>\n<\/div><\/div>\n\n\n<style>.kadence-column301_2b76c6-f0 > .kt-inside-inner-col,.kadence-column301_2b76c6-f0 > .kt-inside-inner-col:before{border-top-left-radius:0px;border-top-right-radius:0px;border-bottom-right-radius:0px;border-bottom-left-radius:0px;}.kadence-column301_2b76c6-f0 > .kt-inside-inner-col{column-gap:var(--global-kb-gap-sm, 1rem);}.kadence-column301_2b76c6-f0 > .kt-inside-inner-col{flex-direction:column;}.kadence-column301_2b76c6-f0 > .kt-inside-inner-col > .aligncenter{width:100%;}.kadence-column301_2b76c6-f0 > .kt-inside-inner-col:before{opacity:0.3;}.kadence-column301_2b76c6-f0{position:relative;}@media all and (max-width: 1024px){.kadence-column301_2b76c6-f0 > .kt-inside-inner-col{flex-direction:column;}}@media all and (max-width: 767px){.kadence-column301_2b76c6-f0 > .kt-inside-inner-col{flex-direction:column;}}<\/style>\n<div class=\"wp-block-kadence-column kadence-column301_2b76c6-f0\"><div class=\"kt-inside-inner-col\"><style>.wp-block-kadence-advancedheading.kt-adv-heading301_a4a3fb-c3, .wp-block-kadence-advancedheading.kt-adv-heading301_a4a3fb-c3[data-kb-block=\"kb-adv-heading301_a4a3fb-c3\"]{padding-top:var(--global-kb-spacing-xs, 1rem);padding-right:var(--global-kb-spacing-xs, 1rem);padding-bottom:var(--global-kb-spacing-xs, 1rem);padding-left:var(--global-kb-spacing-xs, 1rem);text-align:left;font-weight:400;font-style:normal;font-family:Montserrat;border-top-left-radius:20px;border-top-right-radius:20px;border-bottom-right-radius:20px;border-bottom-left-radius:20px;}.wp-block-kadence-advancedheading.kt-adv-heading301_a4a3fb-c3 mark.kt-highlight, .wp-block-kadence-advancedheading.kt-adv-heading301_a4a3fb-c3[data-kb-block=\"kb-adv-heading301_a4a3fb-c3\"] mark.kt-highlight{letter-spacing:1px;font-size:var(--global-kb-font-size-sm, 0.9rem);font-family:Montserrat;font-weight:800;font-style:normal;color:var(--global-palette5, #4A5568);text-transform:uppercase;border-top-left-radius:0px;border-top-right-radius:0px;border-bottom-right-radius:0px;border-bottom-left-radius:0px;-webkit-box-decoration-break:clone;box-decoration-break:clone;padding-top:0px;padding-right:0px;padding-bottom:0px;padding-left:0px;}<\/style>\n<div class=\"kt-adv-heading301_a4a3fb-c3 wp-block-kadence-advancedheading has-theme-palette-4-color has-text-color has-theme-palette-7-background-color has-background\" data-kb-block=\"kb-adv-heading301_a4a3fb-c3\">Apr\u00e8s avoir obtenu mon brevet, j\u2019ai choisi de m\u2019orienter vers un baccalaur\u00e9at STI2D, une fili\u00e8re technologique qui allie sciences, innovation et d\u00e9veloppement durable. Cette voie m\u2019a permis de d\u00e9velopper des comp\u00e9tences \u00e0 la fois techniques et pratiques, dans des domaines tels que l\u2019\u00e9nergie, l\u2019informatique, la conception assist\u00e9e par ordinateur et les syst\u00e8mes automatis\u00e9s.<br>Au fil des ann\u00e9es, j\u2019ai appris \u00e0 travailler en \u00e9quipe sur des projets concrets, \u00e0 r\u00e9soudre des probl\u00e8mes complexes, et \u00e0 adopter une d\u00e9marche de d\u00e9veloppement durable dans mes choix techniques. J\u2019ai aussi pu renforcer mes connaissances en math\u00e9matiques, en physique appliqu\u00e9e et en technologies industrielles, ce qui m\u2019a donn\u00e9 une vision globale des syst\u00e8mes technologiques actuels.<br><\/div>\n<\/div><\/div>\n\n<\/div><\/div>\n\n<style>.kb-row-layout-id301_63313b-50 > .kt-row-column-wrap{align-content:center;}:where(.kb-row-layout-id301_63313b-50 > .kt-row-column-wrap) > .wp-block-kadence-column{justify-content:center;}.kb-row-layout-id301_63313b-50 > .kt-row-column-wrap{column-gap:var(--global-kb-gap-sm, 1rem);row-gap:var(--global-kb-gap-md, 2rem);padding-top:var(--global-kb-spacing-xl, 4rem);padding-bottom:var(--global-kb-spacing-xl, 4rem);grid-template-columns:minmax(0, calc(45% - ((var(--global-kb-gap-sm, 1rem) * 2 )\/3)))minmax(0, calc(10% - ((var(--global-kb-gap-sm, 1rem) * 2 )\/3)))minmax(0, calc(45% - ((var(--global-kb-gap-sm, 1rem) * 2 )\/3)));}.kb-row-layout-id301_63313b-50 > .kt-row-layout-overlay{opacity:0.30;}@media all and (max-width: 1024px){.kb-row-layout-id301_63313b-50 > .kt-row-column-wrap > div:not(.added-for-specificity){grid-column:initial;}}@media all and (max-width: 1024px){.kb-row-layout-id301_63313b-50 > .kt-row-column-wrap{grid-template-columns:repeat(3, minmax(0, 1fr));}}@media all and (max-width: 767px){.kb-row-layout-id301_63313b-50 > .kt-row-column-wrap > div:not(.added-for-specificity){grid-column:initial;}.kb-row-layout-id301_63313b-50 > .kt-row-column-wrap{grid-template-columns:minmax(0, 1fr);}}<\/style><div class=\"kb-row-layout-wrap kb-row-layout-id301_63313b-50 alignnone vertical-line wp-block-kadence-rowlayout\"><div class=\"kt-row-column-wrap kt-has-3-columns kt-row-layout-equal kt-tab-layout-inherit kt-mobile-layout-row kt-row-valign-middle\">\n<style>.kadence-column301_54a271-dd > .kt-inside-inner-col,.kadence-column301_54a271-dd > .kt-inside-inner-col:before{border-top-left-radius:0px;border-top-right-radius:0px;border-bottom-right-radius:0px;border-bottom-left-radius:0px;}.kadence-column301_54a271-dd > .kt-inside-inner-col{column-gap:var(--global-kb-gap-sm, 1rem);}.kadence-column301_54a271-dd > .kt-inside-inner-col{flex-direction:column;}.kadence-column301_54a271-dd > .kt-inside-inner-col > .aligncenter{width:100%;}.kadence-column301_54a271-dd > .kt-inside-inner-col:before{opacity:0.3;}.kadence-column301_54a271-dd{position:relative;}@media all and (max-width: 1024px){.kadence-column301_54a271-dd > .kt-inside-inner-col{flex-direction:column;}}@media all and (max-width: 767px){.kadence-column301_54a271-dd > .kt-inside-inner-col{flex-direction:column;}}<\/style>\n<div class=\"wp-block-kadence-column kadence-column301_54a271-dd\"><div class=\"kt-inside-inner-col\"><style>.wp-block-kadence-advancedheading.kt-adv-heading301_d275a6-da, .wp-block-kadence-advancedheading.kt-adv-heading301_d275a6-da[data-kb-block=\"kb-adv-heading301_d275a6-da\"]{text-align:right;font-weight:400;font-style:normal;font-family:'Days One';text-transform:uppercase;}.wp-block-kadence-advancedheading.kt-adv-heading301_d275a6-da mark.kt-highlight, .wp-block-kadence-advancedheading.kt-adv-heading301_d275a6-da[data-kb-block=\"kb-adv-heading301_d275a6-da\"] mark.kt-highlight{font-style:normal;color:var(--global-palette9, #ffffff);background-image:linear-gradient(135deg,rgb(153,71,221) 0%,rgb(204,29,167) 100%);border-top-left-radius:30px;border-top-right-radius:30px;border-bottom-right-radius:30px;border-bottom-left-radius:30px;-webkit-box-decoration-break:clone;box-decoration-break:clone;padding-top:var(--global-kb-spacing-sm, 1.5rem);padding-right:var(--global-kb-spacing-sm, 1.5rem);padding-bottom:var(--global-kb-spacing-sm, 1.5rem);padding-left:var(--global-kb-spacing-sm, 1.5rem);}<\/style>\n<div class=\"kt-adv-heading301_d275a6-da wp-block-kadence-advancedheading\" data-kb-block=\"kb-adv-heading301_d275a6-da\"><mark class=\"kt-highlight\">BUT MMI 2024-2025<\/mark><\/div>\n<\/div><\/div>\n\n\n<style>.kadence-column301_725920-75 > .kt-inside-inner-col,.kadence-column301_725920-75 > .kt-inside-inner-col:before{border-top-left-radius:0px;border-top-right-radius:0px;border-bottom-right-radius:0px;border-bottom-left-radius:0px;}.kadence-column301_725920-75 > .kt-inside-inner-col{column-gap:var(--global-kb-gap-sm, 1rem);}.kadence-column301_725920-75 > .kt-inside-inner-col{flex-direction:column;}.kadence-column301_725920-75 > .kt-inside-inner-col > .aligncenter{width:100%;}.kadence-column301_725920-75 > .kt-inside-inner-col:before{opacity:0.3;}.kadence-column301_725920-75{position:relative;}@media all and (max-width: 1024px){.kadence-column301_725920-75 > .kt-inside-inner-col{flex-direction:column;}}@media all and (max-width: 767px){.kadence-column301_725920-75 > .kt-inside-inner-col{flex-direction:column;}}<\/style>\n<div class=\"wp-block-kadence-column kadence-column301_725920-75 kvs-sm-false\"><div class=\"kt-inside-inner-col\">\n<figure class=\"wp-block-gallery has-nested-images columns-3 is-cropped wp-block-gallery-2 is-layout-flex wp-block-gallery-is-layout-flex\">\n<figure class=\"wp-block-image size-full\"><img loading=\"lazy\" decoding=\"async\" width=\"201\" height=\"202\" data-id=\"316\" src=\"https:\/\/portfolio.chloe.sagnole.mmi-velizy.fr\/wordpress\/wp-content\/uploads\/2025\/04\/mmi_fr.png\" alt=\"\" class=\"wp-image-316\" srcset=\"https:\/\/portfolio.chloe.sagnole.mmi-velizy.fr\/wordpress\/wp-content\/uploads\/2025\/04\/mmi_fr.png 201w, https:\/\/portfolio.chloe.sagnole.mmi-velizy.fr\/wordpress\/wp-content\/uploads\/2025\/04\/mmi_fr-150x150.png 150w\" sizes=\"auto, (max-width: 201px) 100vw, 201px\" \/><\/figure>\n<\/figure>\n<\/div><\/div>\n\n\n<style>.kadence-column301_2fc662-07 > .kt-inside-inner-col,.kadence-column301_2fc662-07 > .kt-inside-inner-col:before{border-top-left-radius:0px;border-top-right-radius:0px;border-bottom-right-radius:0px;border-bottom-left-radius:0px;}.kadence-column301_2fc662-07 > .kt-inside-inner-col{column-gap:var(--global-kb-gap-sm, 1rem);}.kadence-column301_2fc662-07 > .kt-inside-inner-col{flex-direction:column;}.kadence-column301_2fc662-07 > .kt-inside-inner-col > .aligncenter{width:100%;}.kadence-column301_2fc662-07 > .kt-inside-inner-col:before{opacity:0.3;}.kadence-column301_2fc662-07{position:relative;}@media all and (max-width: 1024px){.kadence-column301_2fc662-07 > .kt-inside-inner-col{flex-direction:column;}}@media all and (max-width: 767px){.kadence-column301_2fc662-07 > .kt-inside-inner-col{flex-direction:column;}}<\/style>\n<div class=\"wp-block-kadence-column kadence-column301_2fc662-07\"><div class=\"kt-inside-inner-col\"><style>.wp-block-kadence-advancedheading.kt-adv-heading301_89122e-91, .wp-block-kadence-advancedheading.kt-adv-heading301_89122e-91[data-kb-block=\"kb-adv-heading301_89122e-91\"]{padding-top:var(--global-kb-spacing-xs, 1rem);padding-right:var(--global-kb-spacing-xs, 1rem);padding-bottom:var(--global-kb-spacing-xs, 1rem);padding-left:var(--global-kb-spacing-xs, 1rem);text-align:left;font-weight:400;font-style:normal;font-family:Montserrat;border-top-left-radius:20px;border-top-right-radius:20px;border-bottom-right-radius:20px;border-bottom-left-radius:20px;}.wp-block-kadence-advancedheading.kt-adv-heading301_89122e-91 mark.kt-highlight, .wp-block-kadence-advancedheading.kt-adv-heading301_89122e-91[data-kb-block=\"kb-adv-heading301_89122e-91\"] mark.kt-highlight{letter-spacing:1px;font-size:var(--global-kb-font-size-sm, 0.9rem);font-family:Montserrat;font-weight:800;font-style:normal;color:var(--global-palette5, #4A5568);text-transform:uppercase;border-top-left-radius:0px;border-top-right-radius:0px;border-bottom-right-radius:0px;border-bottom-left-radius:0px;-webkit-box-decoration-break:clone;box-decoration-break:clone;padding-top:0px;padding-right:0px;padding-bottom:0px;padding-left:0px;}<\/style>\n<div class=\"kt-adv-heading301_89122e-91 wp-block-kadence-advancedheading has-theme-palette-4-color has-text-color has-theme-palette-7-background-color has-background\" data-kb-block=\"kb-adv-heading301_89122e-91\">Apr\u00e8s l\u2019obtention de mon baccalaur\u00e9at, j\u2019ai choisi d\u2019int\u00e9grer un BUT MMI (M\u00e9tiers du Multim\u00e9dia et de l\u2019Internet), une formation pluridisciplinaire centr\u00e9e sur la communication, le design, le d\u00e9veloppement web et la gestion de projets num\u00e9riques. Ce choix s\u2019est impos\u00e9 naturellement, car il allie cr\u00e9ativit\u00e9, technique et r\u00e9flexion strat\u00e9gique, trois aspects qui me passionnent.<br>Durant cette formation, j\u2019ai acquis des comp\u00e9tences solides en conception graphique, en audiovisuel, en d\u00e9veloppement web (HTML, CSS, JavaScript, etc.), ainsi qu\u2019en communication digitale. J\u2019ai \u00e9galement appris \u00e0 g\u00e9rer des projets en \u00e9quipe, \u00e0 respecter des cahiers des charges, et \u00e0 concevoir des contenus adapt\u00e9s aux diff\u00e9rents supports et publics.<\/div>\n<\/div><\/div>\n\n<\/div><\/div><\/div><\/div>\n\n<\/div><\/div>","protected":false},"excerpt":{"rendered":"<p>Mon parcours BAC STI2D 2024 Apr\u00e8s avoir obtenu mon brevet, j\u2019ai choisi de m\u2019orienter vers un baccalaur\u00e9at STI2D, une fili\u00e8re technologique qui allie sciences, innovation et d\u00e9veloppement durable. Cette voie m\u2019a permis de d\u00e9velopper des comp\u00e9tences \u00e0 la fois techniques et pratiques, dans des domaines tels que l\u2019\u00e9nergie, l\u2019informatique, la conception assist\u00e9e par ordinateur et&#8230;<\/p>\n","protected":false},"author":1,"featured_media":0,"parent":0,"menu_order":0,"comment_status":"closed","ping_status":"closed","template":"","meta":{"_kad_post_transparent":"","_kad_post_title":"","_kad_post_layout":"","_kad_post_sidebar_id":"","_kad_post_content_style":"","_kad_post_vertical_padding":"","_kad_post_feature":"","_kad_post_feature_position":"","_kad_post_header":false,"_kad_post_footer":false,"_vp_format_video_url":"","_vp_image_focal_point":[],"footnotes":""},"class_list":["post-301","page","type-page","status-publish","hentry"],"_links":{"self":[{"href":"https:\/\/portfolio.chloe.sagnole.mmi-velizy.fr\/wordpress\/wp-json\/wp\/v2\/pages\/301","targetHints":{"allow":["GET"]}}],"collection":[{"href":"https:\/\/portfolio.chloe.sagnole.mmi-velizy.fr\/wordpress\/wp-json\/wp\/v2\/pages"}],"about":[{"href":"https:\/\/portfolio.chloe.sagnole.mmi-velizy.fr\/wordpress\/wp-json\/wp\/v2\/types\/page"}],"author":[{"embeddable":true,"href":"https:\/\/portfolio.chloe.sagnole.mmi-velizy.fr\/wordpress\/wp-json\/wp\/v2\/users\/1"}],"replies":[{"embeddable":true,"href":"https:\/\/portfolio.chloe.sagnole.mmi-velizy.fr\/wordpress\/wp-json\/wp\/v2\/comments?post=301"}],"version-history":[{"count":7,"href":"https:\/\/portfolio.chloe.sagnole.mmi-velizy.fr\/wordpress\/wp-json\/wp\/v2\/pages\/301\/revisions"}],"predecessor-version":[{"id":341,"href":"https:\/\/portfolio.chloe.sagnole.mmi-velizy.fr\/wordpress\/wp-json\/wp\/v2\/pages\/301\/revisions\/341"}],"wp:attachment":[{"href":"https:\/\/portfolio.chloe.sagnole.mmi-velizy.fr\/wordpress\/wp-json\/wp\/v2\/media?parent=301"}],"curies":[{"name":"wp","href":"https:\/\/api.w.org\/{rel}","templated":true}]}}