{"id":2,"date":"2025-03-25T22:26:47","date_gmt":"2025-03-25T21:26:47","guid":{"rendered":"https:\/\/portfolio.chloe.sagnole.mmi-velizy.fr\/wordpress\/?page_id=2"},"modified":"2025-04-09T18:17:26","modified_gmt":"2025-04-09T16:17:26","slug":"accueil","status":"publish","type":"page","link":"https:\/\/portfolio.chloe.sagnole.mmi-velizy.fr\/wordpress\/","title":{"rendered":"Accueil"},"content":{"rendered":"\n<h1 class=\"wp-block-heading alignwide has-text-align-center has-custom-color-7-color has-text-color has-link-color has-xxlarge-font-size wp-elements-70599729d56e4db302bbc79e64ac29aa\">Chlo\u00e9 Sagnole<\/h1>\n\n\n\n<h2 class=\"wp-block-heading has-text-align-center has-border-color has-theme-palette-1-border-color has-larger-font-size\" style=\"border-width:5px\">Etudiante en 1\u00e8re ann\u00e9e de BUT MMI<\/h2>\n\n\n<style>.kb-row-layout-id2_f91fbb-97 > .kt-row-column-wrap{align-content:start;}:where(.kb-row-layout-id2_f91fbb-97 > .kt-row-column-wrap) > .wp-block-kadence-column{justify-content:start;}.kb-row-layout-id2_f91fbb-97 > .kt-row-column-wrap{column-gap:var(--global-kb-gap-md, 2rem);row-gap:var(--global-kb-gap-md, 2rem);padding-top:var(--global-kb-spacing-sm, 1.5rem);padding-bottom:var(--global-kb-spacing-sm, 1.5rem);grid-template-columns:minmax(0, 1fr) minmax(0, 2fr);}.kb-row-layout-id2_f91fbb-97 > .kt-row-layout-overlay{opacity:0.30;}@media all and (max-width: 1024px){.kb-row-layout-id2_f91fbb-97 > .kt-row-column-wrap{grid-template-columns:minmax(0, 1fr) minmax(0, 2fr);}}@media all and (max-width: 767px){.kb-row-layout-id2_f91fbb-97 > .kt-row-column-wrap{grid-template-columns:minmax(0, 1fr);}}<\/style><div class=\"kb-row-layout-wrap kb-row-layout-id2_f91fbb-97 alignnone wp-block-kadence-rowlayout\"><div class=\"kt-row-column-wrap kt-has-2-columns kt-row-layout-right-golden kt-tab-layout-inherit kt-mobile-layout-row kt-row-valign-top\">\n<style>.kadence-column2_e1bb2f-74 > .kt-inside-inner-col,.kadence-column2_e1bb2f-74 > .kt-inside-inner-col:before{border-top-left-radius:0px;border-top-right-radius:0px;border-bottom-right-radius:0px;border-bottom-left-radius:0px;}.kadence-column2_e1bb2f-74 > .kt-inside-inner-col{column-gap:var(--global-kb-gap-sm, 1rem);}.kadence-column2_e1bb2f-74 > .kt-inside-inner-col{flex-direction:column;}.kadence-column2_e1bb2f-74 > .kt-inside-inner-col > .aligncenter{width:100%;}.kadence-column2_e1bb2f-74 > .kt-inside-inner-col:before{opacity:0.3;}.kadence-column2_e1bb2f-74{position:relative;}@media all and (max-width: 1024px){.kadence-column2_e1bb2f-74 > .kt-inside-inner-col{flex-direction:column;}}@media all and (max-width: 767px){.kadence-column2_e1bb2f-74 > .kt-inside-inner-col{flex-direction:column;}}<\/style>\n<div class=\"wp-block-kadence-column kadence-column2_e1bb2f-74\"><div class=\"kt-inside-inner-col\">\n<figure class=\"wp-block-gallery has-nested-images columns-default is-cropped wp-block-gallery-1 is-layout-flex wp-block-gallery-is-layout-flex\">\n<figure class=\"wp-block-image size-full\"><img loading=\"lazy\" decoding=\"async\" width=\"447\" height=\"559\" data-id=\"218\" src=\"https:\/\/portfolio.chloe.sagnole.mmi-velizy.fr\/wordpress\/wp-content\/uploads\/2025\/04\/photo-portfolio-removebg-preview-1.png\" alt=\"\" class=\"wp-image-218\" srcset=\"https:\/\/portfolio.chloe.sagnole.mmi-velizy.fr\/wordpress\/wp-content\/uploads\/2025\/04\/photo-portfolio-removebg-preview-1.png 447w, https:\/\/portfolio.chloe.sagnole.mmi-velizy.fr\/wordpress\/wp-content\/uploads\/2025\/04\/photo-portfolio-removebg-preview-1-240x300.png 240w\" sizes=\"auto, (max-width: 447px) 100vw, 447px\" \/><\/figure>\n<\/figure>\n<\/div><\/div>\n\n\n<style>.kadence-column2_b27ec5-8f > .kt-inside-inner-col{display:flex;}.kadence-column2_b27ec5-8f > .kt-inside-inner-col,.kadence-column2_b27ec5-8f > .kt-inside-inner-col:before{border-top-left-radius:0px;border-top-right-radius:0px;border-bottom-right-radius:0px;border-bottom-left-radius:0px;}.kadence-column2_b27ec5-8f > .kt-inside-inner-col{row-gap:0px;column-gap:var(--global-kb-gap-sm, 1rem);}.kadence-column2_b27ec5-8f > .kt-inside-inner-col{flex-direction:row;flex-wrap:wrap;align-items:space-around;justify-content:stretch;}.kadence-column2_b27ec5-8f > .kt-inside-inner-col > *, .kadence-column2_b27ec5-8f > .kt-inside-inner-col > figure.wp-block-image, .kadence-column2_b27ec5-8f > .kt-inside-inner-col > figure.wp-block-kadence-image{margin-top:0px;margin-bottom:0px;}.kadence-column2_b27ec5-8f > .kt-inside-inner-col > .kb-image-is-ratio-size{flex-grow:1;}.kt-row-column-wrap > .kadence-column2_b27ec5-8f{align-self:center;}.kt-inner-column-height-full:not(.kt-has-1-columns) > .wp-block-kadence-column.kadence-column2_b27ec5-8f{align-self:auto;}.kt-inner-column-height-full:not(.kt-has-1-columns) > .wp-block-kadence-column.kadence-column2_b27ec5-8f > .kt-inside-inner-col{align-items:center;}.kadence-column2_b27ec5-8f > .kt-inside-inner-col:before{opacity:0.3;}.kadence-column2_b27ec5-8f{text-align:center;}.kadence-column2_b27ec5-8f{position:relative;}@media all and (max-width: 1024px){.kt-row-column-wrap > .kadence-column2_b27ec5-8f{align-self:center;}}@media all and (max-width: 1024px){.kt-inner-column-height-full:not(.kt-has-1-columns) > .wp-block-kadence-column.kadence-column2_b27ec5-8f{align-self:auto;}}@media all and (max-width: 1024px){.kt-inner-column-height-full:not(.kt-has-1-columns) > .wp-block-kadence-column.kadence-column2_b27ec5-8f > .kt-inside-inner-col{align-items:center;}}@media all and (max-width: 1024px){.kadence-column2_b27ec5-8f > .kt-inside-inner-col{flex-direction:row;flex-wrap:wrap;align-items:center;justify-content:stretch;}}@media all and (min-width: 768px) and (max-width: 1024px){.kadence-column2_b27ec5-8f > .kt-inside-inner-col > *, .kadence-column2_b27ec5-8f > .kt-inside-inner-col > figure.wp-block-image, .kadence-column2_b27ec5-8f > .kt-inside-inner-col > figure.wp-block-kadence-image{margin-top:0px;margin-bottom:0px;}.kadence-column2_b27ec5-8f > .kt-inside-inner-col > .kb-image-is-ratio-size{flex-grow:1;}}@media all and (max-width: 767px){.kt-row-column-wrap > .kadence-column2_b27ec5-8f{align-self:center;}.kt-inner-column-height-full:not(.kt-has-1-columns) > .wp-block-kadence-column.kadence-column2_b27ec5-8f{align-self:auto;}.kt-inner-column-height-full:not(.kt-has-1-columns) > .wp-block-kadence-column.kadence-column2_b27ec5-8f > .kt-inside-inner-col{align-items:center;}.kadence-column2_b27ec5-8f > .kt-inside-inner-col{flex-direction:row;flex-wrap:wrap;justify-content:stretch;}.kadence-column2_b27ec5-8f > .kt-inside-inner-col > *, .kadence-column2_b27ec5-8f > .kt-inside-inner-col > figure.wp-block-image, .kadence-column2_b27ec5-8f > .kt-inside-inner-col > figure.wp-block-kadence-image{margin-top:0px;margin-bottom:0px;}.kadence-column2_b27ec5-8f > .kt-inside-inner-col > .kb-image-is-ratio-size{flex-grow:1;}}<\/style>\n<div class=\"wp-block-kadence-column kadence-column2_b27ec5-8f kb-section-dir-horizontal\"><div class=\"kt-inside-inner-col\">\n<p class=\"has-text-align-left has-medium-font-size\" style=\"margin-top:var(--wp--preset--spacing--60);margin-bottom:var(--wp--preset--spacing--60)\"><em>Je suis Chlo\u00e9 Sagnole, \u00e9tudiante en 1\u00e8re ann\u00e9e de BUT MMI, passionn\u00e9e par l\u2019univers du multim\u00e9dia et de la photographie. Mon parcours m\u2019a permis de d\u00e9couvrir et d\u2019explorer la cr\u00e9ation visuelle sous toutes ses formes : du d\u00e9veloppement web \u00e0 la vid\u00e9o en passant par le design graphique.<\/em><\/p>\n\n\n\n<p class=\"has-text-align-left has-medium-font-size\" style=\"margin-top:var(--wp--preset--spacing--60);margin-bottom:var(--wp--preset--spacing--60)\"><em>\u00c0 travers ce portfolio, je vous invite \u00e0 d\u00e9couvrir mes projets, o\u00f9 l\u2019image et le digital se rencontrent pour raconter des histoires. Chaque cr\u00e9ation que vous trouverez ici est le fruit de ma curiosit\u00e9, ma cr\u00e9ativit\u00e9 et de mes comp\u00e9tences en constante \u00e9volution.<\/em><\/p>\n\n\n\n<p class=\"has-text-align-left has-medium-font-size\" style=\"margin-top:var(--wp--preset--spacing--60);margin-bottom:var(--wp--preset--spacing--60)\"><em>Le multim\u00e9dia est mon terrain de jeu, la photo ma fa\u00e7on de capturer l&rsquo;instant, et le design un moyen de donner vie \u00e0 mes id\u00e9es. Suivez-moi dans ce voyage cr\u00e9atif et n\u2019h\u00e9sitez pas \u00e0 d\u00e9couvrir mes projets, mon univers visuel et mes comp\u00e9tences.<\/em><\/p>\n<\/div><\/div>\n\n<\/div><\/div>\n\n\n<p style=\"border-style:none;border-width:0px\"><\/p>\n\n\n\n<p><\/p>\n","protected":false},"excerpt":{"rendered":"<p>Chlo\u00e9 Sagnole Etudiante en 1\u00e8re ann\u00e9e de BUT MMI Je suis Chlo\u00e9 Sagnole, \u00e9tudiante en 1\u00e8re ann\u00e9e de BUT MMI, passionn\u00e9e par l\u2019univers du multim\u00e9dia et de la photographie. Mon parcours m\u2019a permis de d\u00e9couvrir et d\u2019explorer la cr\u00e9ation visuelle sous toutes ses formes : du d\u00e9veloppement web \u00e0 la vid\u00e9o en passant par le&#8230;<\/p>\n","protected":false},"author":1,"featured_media":0,"parent":0,"menu_order":0,"comment_status":"closed","ping_status":"open","template":"","meta":{"_kad_post_transparent":"","_kad_post_title":"hide","_kad_post_layout":"","_kad_post_sidebar_id":"","_kad_post_content_style":"","_kad_post_vertical_padding":"","_kad_post_feature":"","_kad_post_feature_position":"","_kad_post_header":false,"_kad_post_footer":false,"_vp_format_video_url":"","_vp_image_focal_point":[],"footnotes":""},"class_list":["post-2","page","type-page","status-publish","hentry"],"_links":{"self":[{"href":"https:\/\/portfolio.chloe.sagnole.mmi-velizy.fr\/wordpress\/wp-json\/wp\/v2\/pages\/2","targetHints":{"allow":["GET"]}}],"collection":[{"href":"https:\/\/portfolio.chloe.sagnole.mmi-velizy.fr\/wordpress\/wp-json\/wp\/v2\/pages"}],"about":[{"href":"https:\/\/portfolio.chloe.sagnole.mmi-velizy.fr\/wordpress\/wp-json\/wp\/v2\/types\/page"}],"author":[{"embeddable":true,"href":"https:\/\/portfolio.chloe.sagnole.mmi-velizy.fr\/wordpress\/wp-json\/wp\/v2\/users\/1"}],"replies":[{"embeddable":true,"href":"https:\/\/portfolio.chloe.sagnole.mmi-velizy.fr\/wordpress\/wp-json\/wp\/v2\/comments?post=2"}],"version-history":[{"count":35,"href":"https:\/\/portfolio.chloe.sagnole.mmi-velizy.fr\/wordpress\/wp-json\/wp\/v2\/pages\/2\/revisions"}],"predecessor-version":[{"id":297,"href":"https:\/\/portfolio.chloe.sagnole.mmi-velizy.fr\/wordpress\/wp-json\/wp\/v2\/pages\/2\/revisions\/297"}],"wp:attachment":[{"href":"https:\/\/portfolio.chloe.sagnole.mmi-velizy.fr\/wordpress\/wp-json\/wp\/v2\/media?parent=2"}],"curies":[{"name":"wp","href":"https:\/\/api.w.org\/{rel}","templated":true}]}}